{"id":7,"date":"2018-08-28T22:53:36","date_gmt":"2018-08-28T22:53:36","guid":{"rendered":"http:\/\/themes.uxbarn.com\/wp\/christopher-dummy\/?page_id=2"},"modified":"2018-10-18T18:27:17","modified_gmt":"2018-10-18T16:27:17","slug":"about-chris","status":"publish","type":"page","link":"https:\/\/blattundform.de\/?page_id=7","title":{"rendered":"Unsere Philosophie"},"content":{"rendered":"<p>&nbsp;<\/p>\n<p><em>Das Entstehen und Vergehen im Kreislauf der Jahreszeiten macht die Arbeit mit der Natur zu etwas ganz Besonderem. Sie erfordert Engagement und Hingabe. Mit Blumen und Pflanzen zu gestalten, bedeutet f\u00fcr uns jeden Tag eine neue, spannende Herausforderung, der wir uns mit Freude und Begeisterung stellen. Naturmaterialien und sch\u00f6ne Dinge in unseren H\u00e4nden sind f\u00fcr uns Gl\u00fcck &#8211; von dem wir so viel wie m\u00f6glich an Sie weitergeben wollen.<\/em><br \/>\n<em>in diesem Sinne gr\u00fc\u00dfen Sie herzlichst,<\/em><\/p>\n<p>&nbsp;<\/p>\n<p><strong>Stephanie Schneider<\/strong> und <strong>Thomas Steffen<\/strong><\/p>\n","protected":false},"excerpt":{"rendered":"<p>&nbsp; Das Entstehen und Vergehen im Kreislauf der Jahreszeiten macht die Arbeit mit der Natur zu etwas ganz Besonderem. Sie erfordert Engagement und Hingabe. Mit Blumen und Pflanzen zu gestalten, bedeutet f\u00fcr uns jeden Tag eine neue, spannende Herausforderung, der wir uns mit Freude und Begeisterung stellen. Naturmaterialien und sch\u00f6ne Dinge in unseren H\u00e4nden sind f\u00fcr uns Gl\u00fcck &#8211; von dem wir so viel wie m\u00f6glich an Sie weitergeben wollen. in diesem Sinne gr\u00fc\u00dfen Sie herzlichst, &nbsp; Stephanie Schneider und Thomas Steffen<\/p>\n","protected":false},"author":1,"featured_media":100,"parent":0,"menu_order":0,"comment_status":"closed","ping_status":"open","template":"","meta":{"footnotes":""},"class_list":["post-7","page","type-page","status-publish","has-post-thumbnail","hentry"],"_links":{"self":[{"href":"https:\/\/blattundform.de\/index.php?rest_route=\/wp\/v2\/pages\/7","targetHints":{"allow":["GET"]}}],"collection":[{"href":"https:\/\/blattundform.de\/index.php?rest_route=\/wp\/v2\/pages"}],"about":[{"href":"https:\/\/blattundform.de\/index.php?rest_route=\/wp\/v2\/types\/page"}],"author":[{"embeddable":true,"href":"https:\/\/blattundform.de\/index.php?rest_route=\/wp\/v2\/users\/1"}],"replies":[{"embeddable":true,"href":"https:\/\/blattundform.de\/index.php?rest_route=%2Fwp%2Fv2%2Fcomments&post=7"}],"version-history":[{"count":2,"href":"https:\/\/blattundform.de\/index.php?rest_route=\/wp\/v2\/pages\/7\/revisions"}],"predecessor-version":[{"id":118,"href":"https:\/\/blattundform.de\/index.php?rest_route=\/wp\/v2\/pages\/7\/revisions\/118"}],"wp:featuredmedia":[{"embeddable":true,"href":"https:\/\/blattundform.de\/index.php?rest_route=\/wp\/v2\/media\/100"}],"wp:attachment":[{"href":"https:\/\/blattundform.de\/index.php?rest_route=%2Fwp%2Fv2%2Fmedia&parent=7"}],"curies":[{"name":"wp","href":"https:\/\/api.w.org\/{rel}","templated":true}]}}