{"id":166,"date":"2018-10-19T08:36:19","date_gmt":"2018-10-19T06:36:19","guid":{"rendered":"https:\/\/blattundform.de\/?page_id=166"},"modified":"2018-10-19T08:40:48","modified_gmt":"2018-10-19T06:40:48","slug":"was-bieten-wir-ihnen","status":"publish","type":"page","link":"https:\/\/blattundform.de\/?page_id=166","title":{"rendered":"Was bieten wir Ihnen"},"content":{"rendered":"<p><\/br><\/br><\/p>\n<h2>Dauerauftr\u00e4ge<\/h2>\n<p style=\"text-align: justify;\">Sie k\u00f6nnen sich Ihr zuhause ohne Ihre Lieblingsblumen nicht vorstellen? Oder sie \u00a0haben gern ab und zu eine kleine Ver\u00e4nderung im Wohnzimmer?\u00a0Beschenken Sie sich doch jede Woche selbst &#8211; oder jemand anderen &#8211; mit einem Strau\u00df nach Ihrem Geschmack und doch immer wieder neu.<\/p>\n<p>&nbsp;<\/p>\n<h2>Eventfloristik<\/h2>\n<p style=\"text-align: justify;\">An den verschiedensten Events\u00a0haben unsere\u00a0Dekorationen schon den kritischsten Blicken Stand halten k\u00f6nnen, aber ohne jemandem dabei die Show zu stehlen. Jede Veranstaltung wird einzigartig gestaltet, und mit Ihren W\u00fcnschen versehen.<\/p>\n<p>&nbsp;<\/p>\n<h2>Hochzeitsfloristik<\/h2>\n<p style=\"text-align: justify;\">Egal ob ein einzelner Strau\u00df zur standesamtlichen Trauung oder die Dekoration f\u00fcr Kirche und Feier. Bei Ihrer Traumhochzeit \u00a0gestalten wir alles individuell nach Ihren Vorstellungen und W\u00fcnschen. Wir freuen uns\u00a0dazu beitzutragen, das es der sch\u00f6nste Tag in Ihrem Leben wird!<\/p>\n<p>&nbsp;<\/p>\n<h2>Innenraumbegr\u00fcnung<\/h2>\n<p style=\"text-align: justify;\">Damit Pflanzen auch noch unter sehr schwierigen Bedingungen Ihre volle Wirkung erziehlen, ist eine besondere Auswahl n\u00f6tig. F\u00fcr jede Umgebung finden wir eine passende L\u00f6sung. Die neue Wirkung Ihres Raumes wird Sie begeistern.<br \/>\nAber auch f\u00fcr Ihren Garten bieten wir eine gro\u00dfe Auswahl an Gef\u00e4\u00dfen und Dekorationsm\u00f6glichkeiten.<\/p>\n<p>&nbsp;<\/p>\n<h2>Mietgef\u00e4\u00dfe<\/h2>\n<p style=\"text-align: justify;\">Wie der Rahmen bei einem Gem\u00e4lde setzt erst die Vase ein Bouquet ins richtige Licht. Bei uns finden Sie bestimmt die richtige Vase,<br \/>\ndas passende Gef\u00e4\u00df.\u00a0Sie m\u00f6chten keinen Vasenschrank zuhause? Mieten Sie einfach das Gef\u00e4\u00df zum Strau\u00df! Egal ob Schnittblume oder Topfpflanze &#8211; f\u00fcr jede Variante bieten wir Ihnen atraktive Beh\u00e4ltnisse.<\/p>\n","protected":false},"excerpt":{"rendered":"<p>Dauerauftr\u00e4ge Sie k\u00f6nnen sich Ihr zuhause ohne Ihre Lieblingsblumen nicht vorstellen? Oder sie \u00a0haben gern ab und zu eine kleine Ver\u00e4nderung im Wohnzimmer?\u00a0Beschenken Sie sich doch jede Woche selbst &#8211; oder jemand anderen &#8211; mit einem Strau\u00df nach Ihrem Geschmack und doch immer wieder neu. &nbsp; Eventfloristik An den verschiedensten Events\u00a0haben unsere\u00a0Dekorationen schon den kritischsten Blicken Stand halten k\u00f6nnen, aber ohne jemandem dabei die Show zu stehlen. Jede Veranstaltung wird einzigartig gestaltet, und mit Ihren W\u00fcnschen versehen. &nbsp; Hochzeitsfloristik Egal ob ein einzelner Strau\u00df zur standesamtlichen Trauung oder die Dekoration f\u00fcr Kirche und Feier. Bei Ihrer Traumhochzeit \u00a0gestalten wir alles individuell nach Ihren Vorstellungen und W\u00fcnschen. Wir freuen uns\u00a0dazu beitzutragen, das es der sch\u00f6nste Tag in Ihrem Leben wird! &nbsp; Innenraumbegr\u00fcnung Damit Pflanzen auch noch unter sehr schwierigen Bedingungen Ihre volle Wirkung erziehlen, ist eine besondere Auswahl n\u00f6tig. F\u00fcr jede Umgebung finden wir eine passende L\u00f6sung. Die neue Wirkung Ihres Raumes wird Sie begeistern. Aber auch f\u00fcr Ihren Garten bieten wir eine gro\u00dfe Auswahl an Gef\u00e4\u00dfen und Dekorationsm\u00f6glichkeiten. &nbsp; Mietgef\u00e4\u00dfe Wie der Rahmen bei einem Gem\u00e4lde setzt erst die Vase ein Bouquet ins richtige Licht. Bei uns finden Sie bestimmt die richtige Vase, das passende Gef\u00e4\u00df.\u00a0Sie m\u00f6chten keinen Vasenschrank zuhause? Mieten Sie einfach das Gef\u00e4\u00df zum Strau\u00df! Egal ob Schnittblume oder Topfpflanze &#8211; f\u00fcr jede Variante bieten wir Ihnen atraktive Beh\u00e4ltnisse.<\/p>\n","protected":false},"author":1,"featured_media":100,"parent":0,"menu_order":0,"comment_status":"closed","ping_status":"closed","template":"","meta":{"footnotes":""},"class_list":["post-166","page","type-page","status-publish","has-post-thumbnail","hentry"],"_links":{"self":[{"href":"https:\/\/blattundform.de\/index.php?rest_route=\/wp\/v2\/pages\/166","targetHints":{"allow":["GET"]}}],"collection":[{"href":"https:\/\/blattundform.de\/index.php?rest_route=\/wp\/v2\/pages"}],"about":[{"href":"https:\/\/blattundform.de\/index.php?rest_route=\/wp\/v2\/types\/page"}],"author":[{"embeddable":true,"href":"https:\/\/blattundform.de\/index.php?rest_route=\/wp\/v2\/users\/1"}],"replies":[{"embeddable":true,"href":"https:\/\/blattundform.de\/index.php?rest_route=%2Fwp%2Fv2%2Fcomments&post=166"}],"version-history":[{"count":6,"href":"https:\/\/blattundform.de\/index.php?rest_route=\/wp\/v2\/pages\/166\/revisions"}],"predecessor-version":[{"id":173,"href":"https:\/\/blattundform.de\/index.php?rest_route=\/wp\/v2\/pages\/166\/revisions\/173"}],"wp:featuredmedia":[{"embeddable":true,"href":"https:\/\/blattundform.de\/index.php?rest_route=\/wp\/v2\/media\/100"}],"wp:attachment":[{"href":"https:\/\/blattundform.de\/index.php?rest_route=%2Fwp%2Fv2%2Fmedia&parent=166"}],"curies":[{"name":"wp","href":"https:\/\/api.w.org\/{rel}","templated":true}]}}